{"id":8,"date":"2015-01-23T00:15:18","date_gmt":"2015-01-22T22:15:18","guid":{"rendered":"https:\/\/arhiv.cona.si\/slo\/?page_id=8"},"modified":"2024-11-22T10:57:36","modified_gmt":"2024-11-22T08:57:36","slug":"ekipa","status":"publish","type":"page","link":"https:\/\/arhiv.cona.si\/slo\/ekipa\/","title":{"rendered":"Ekipa"},"content":{"rendered":"<p><strong><a href=\"http:\/\/www.branezorman.si\/\">Brane Zorman<\/a>\u00a0<\/strong>\/\u00a0direktor,\u00a0producent, programski vodja in zvo\u010dni in\u017eenir Cone<\/p>\n<blockquote><p>Samozaposlen v kulturi, skladatelj, intermedijski umetnik, zvo\u010dni man-i-pul-ator in producent.<\/p><\/blockquote>\n<p><strong><a href=\"http:\/\/www.irenapivka.si\">Irena Pivka<\/a> \u00a0<\/strong>\/ umetni\u0161ka vodja in producentka<\/p>\n<blockquote><p>Samozaposlena v kulturi, umetnica, scenografka in producentka.<\/p><\/blockquote>\n<p><strong><a href=\"https:\/\/www.matejtomazin.com\">Matej Toma\u017ein<\/a> \u00a0<\/strong>\/ odnosi z javnostmi, producent, oblikovalec, fotograf in videast<\/p>\n<blockquote><p>Samozaposlen v kulturi, galerist kurator in oblikovalec, vodja projekta\u00a0<a href=\"https:\/\/www.artopolis.si\">Artopolis.si<\/a>.<\/p><\/blockquote>\n","protected":false},"excerpt":{"rendered":"<p>Brane Zorman\u00a0\/\u00a0direktor,\u00a0producent, programski vodja in zvo\u010dni in\u017eenir Cone Samozaposlen v kulturi, skladatelj, intermedijski umetnik, zvo\u010dni man-i-pul-ator in producent. Irena Pivka \u00a0\/ umetni\u0161ka vodja in producentka Samozaposlena v kulturi, umetnica, scenografka in producentka. Matej Toma\u017ein \u00a0\/ odnosi z javnostmi, producent, oblikovalec, fotograf in videast Samozaposlen v kulturi, galerist kurator in oblikovalec, vodja projekta\u00a0Artopolis.si.<\/p>\n","protected":false},"author":2,"featured_media":0,"parent":0,"menu_order":0,"comment_status":"closed","ping_status":"closed","template":"","meta":{"footnotes":""},"class_list":["post-8","page","type-page","status-publish","hentry"],"_links":{"self":[{"href":"https:\/\/arhiv.cona.si\/slo\/wp-json\/wp\/v2\/pages\/8","targetHints":{"allow":["GET"]}}],"collection":[{"href":"https:\/\/arhiv.cona.si\/slo\/wp-json\/wp\/v2\/pages"}],"about":[{"href":"https:\/\/arhiv.cona.si\/slo\/wp-json\/wp\/v2\/types\/page"}],"author":[{"embeddable":true,"href":"https:\/\/arhiv.cona.si\/slo\/wp-json\/wp\/v2\/users\/2"}],"replies":[{"embeddable":true,"href":"https:\/\/arhiv.cona.si\/slo\/wp-json\/wp\/v2\/comments?post=8"}],"version-history":[{"count":32,"href":"https:\/\/arhiv.cona.si\/slo\/wp-json\/wp\/v2\/pages\/8\/revisions"}],"predecessor-version":[{"id":2624,"href":"https:\/\/arhiv.cona.si\/slo\/wp-json\/wp\/v2\/pages\/8\/revisions\/2624"}],"wp:attachment":[{"href":"https:\/\/arhiv.cona.si\/slo\/wp-json\/wp\/v2\/media?parent=8"}],"curies":[{"name":"wp","href":"https:\/\/api.w.org\/{rel}","templated":true}]}}