{"id":289,"date":"2016-01-25T12:22:17","date_gmt":"2016-01-25T10:22:17","guid":{"rendered":"https:\/\/arhiv.cona.si\/slo\/?page_id=289"},"modified":"2016-12-23T14:51:25","modified_gmt":"2016-12-23T12:51:25","slug":"zvo-ci-ti-so-und-ing-duo-cikel-2016-2","status":"publish","type":"page","link":"https:\/\/arhiv.cona.si\/slo\/zvo-ci-ti-so-und-ing-duo-cikel-2016-2\/","title":{"rendered":"ZVO.\u010cI.TI (so.und.ing) DUO cikel 2016"},"content":{"rendered":"<p><strong>ZVO.\u010cI.TI so.und.ing DUO<\/strong> je cikel elektrokusti\u010dnih performativnih zvo\u010dnih dogodkov, ki predstavljajo premierna dela \u2013 plod sodelovanja slovenskega in mednarodnega umetnika, kurator Brane Zorman.<\/p>\n<p>Predstavljamo sodelujo\u010de umetnike in izvajalce v letu 2016:<br \/>\n<strong>Bo\u0161tjan Perov\u0161ek<\/strong> (SLO)<strong> &#8211;\u00a0Pablo Sanz <\/strong>(ES \/ UK)<br \/>\nTorek, 26. januarja 2016 ob 20.00<br \/>\n<strong>Robertina \u0160ebjani\u010d <\/strong>(SLO)<strong> &#8211; Manja Risti\u0107 <\/strong>(SRB)<br \/>\nTorek 16. februarja 2016 ob 20.00<br \/>\n<strong>Samo Kutin <\/strong>(SLO)<strong> &#8211;\u00a0Boris Baltschun <\/strong>(DE)<br \/>\nSreda 23. marca 2016 ob 20.00<\/p>\n<p>Vsi koncertni dogodki bodo v Dvorani Komuna, v Kino \u0160i\u0161ka, Ljubljana, Vstop prost.<\/p>\n<p><strong><a href=\"https:\/\/arhiv.cona.si\/wp-content\/uploads\/2016\/01\/BostjanByZiga2014-copy.jpg\"><img loading=\"lazy\" decoding=\"async\" class=\"alignleft size-thumbnail wp-image-3456\" src=\"https:\/\/arhiv.cona.si\/wp-content\/uploads\/2016\/01\/BostjanByZiga2014-copy-150x150.jpg\" alt=\"BostjanByZiga2014 copy\" width=\"150\" height=\"150\" \/><\/a>Bo\u0161tjan Perov\u0161ek<\/strong> (SLO), glasbenik, skladatelj in oblikovalec zvoka, sklada eksperimentalno elektroakusti\u010dno glasbo. Njegova posebnost je ustvarjanje bioakusti\u010dne glasbe, ki temelji na zvokih \u017eivali, posebej \u017eu\u017eelk. Igra tudi s skupino SAETA, ustvarja tudi glasbo za film, gledali\u0161\u010de, performanse in multimedijske instalacije ter zvo\u010dne prostore (soundscapes) za muzeje in galerije.\u00a0<a href=\"http:\/\/www.perovsek.si\/\">www.perovsek.si<\/a><\/p>\n<p><strong><a href=\"https:\/\/arhiv.cona.si\/wp-content\/uploads\/2016\/01\/Pablosanz_CB-kvadrat.jpg\"><img loading=\"lazy\" decoding=\"async\" class=\"alignleft size-thumbnail wp-image-3459\" src=\"https:\/\/arhiv.cona.si\/wp-content\/uploads\/2016\/01\/Pablosanz_CB-kvadrat-150x150.jpg\" alt=\"Pablosanz_CB-kvadrat\" width=\"150\" height=\"150\" \/><\/a>Pablo Sanz<\/strong> (ES\/UK) ustvarja site-specific projekte, instalacije, potopitvene performanse, zvo\u010dna dela za poslu\u0161anje s slu\u0161alkami ter pi\u0161e za publikacije. Njegovo delo zaznamuje Raziskuje estetske in prostorske vidike zaznave zvoka in se \u0161e posebej posve\u010da okoljskim zvokom kot materialu, raz\u0161irjenim avdiotehnologijam, arhitekturnemu oziroma fizi\u010dnemu prostoru in prostorskim avdiostrategijam.<a href=\"http:\/\/www.pablosanz.info\/\">http:\/\/www.pablosanz.info\/<\/a><\/p>\n<p><strong><a href=\"https:\/\/arhiv.cona.si\/wp-content\/uploads\/2016\/01\/Robertina-portret-03-by-Bostjan-Lah_cb.jpg\"><img loading=\"lazy\" decoding=\"async\" class=\"alignleft size-thumbnail wp-image-3460\" src=\"https:\/\/arhiv.cona.si\/wp-content\/uploads\/2016\/01\/Robertina-portret-03-by-Bostjan-Lah_cb-150x150.jpg\" alt=\"Robertina portret 03 by Bostjan Lah_cb\" width=\"150\" height=\"150\" \/><\/a>Robertina \u0160ebjani\u010d<\/strong> (SLO) je intermedijska umetnica, ki \u017eivi in dela v Ljubljani. V svojih delih se ukvarja z vzpostavitvijo razmerij med umetnostjo &#8211; znanostjo in tehnologijo. V zadnjih letih je njeno raziskovanje usmerjeno predvsem na podro\u010dje, \u017eivih sistemov in morskih organizmov in se rezultura kor: AV performansi, zvo\u010dna umetnost in ambientalnih potopitvenih postavitvah.\u00a0<a href=\"http:\/\/robertina.net\/\">http:\/\/robertina.net\/<\/a><\/p>\n<p><strong><br \/>\n<a href=\"https:\/\/arhiv.cona.si\/slo\/wp-content\/uploads\/sites\/2\/2016\/01\/Ristic_kvadrat-CB_mala.jpg\"><img loading=\"lazy\" decoding=\"async\" class=\"alignleft size-thumbnail wp-image-303\" src=\"https:\/\/arhiv.cona.si\/slo\/wp-content\/uploads\/sites\/2\/2016\/01\/Ristic_kvadrat-CB_mala-150x150.jpg\" alt=\"Ristic_kvadrat CB_mala\" width=\"150\" height=\"150\" \/><\/a>Manja Risti\u0107<\/strong> (SRB) je multimedijska in zvo\u010dna umetnica, violinistka, izvajalka, kuratorica, raziskovalka, predavateljica in kulturna managerka. Kot solistka in izvajalka klasi\u010dne komorne glasbe je nastopala po vsej Evropi in sodelovala z znanimi umetniki, skladatelji in dirigenti. Po zaklju\u010denem podiplomskem \u0161tudiju se je usmerila v multimedijski performans in raziskovanja na podro\u010dju instrumentalne elektroakusti\u010dne glasbe, zvo\u010dnih umetnosti, konceptualne in uporabne glasbe, AV instalacij in eksperimentalnega gledali\u0161\u010da. \u00a0<a href=\"http:\/\/manjaristic.blogspot.com\">http:\/\/manjaristic.blogspot.com<\/a><\/p>\n<p><strong><a href=\"https:\/\/arhiv.cona.si\/wp-content\/uploads\/2016\/01\/samo-kutin-Foto-Nada-Z\u030cgank_cb-kvadrat.jpg\"><img loading=\"lazy\" decoding=\"async\" class=\"alignleft size-thumbnail wp-image-3461\" src=\"https:\/\/arhiv.cona.si\/wp-content\/uploads\/2016\/01\/samo-kutin-Foto-Nada-Z\u030cgank_cb-kvadrat-150x150.jpg\" alt=\"samo kutin - Foto Nada Z\u030cgank_cb-kvadrat\" width=\"150\" height=\"150\" \/><\/a>Samo Kutin <\/strong>(SLO) je znan po uporabi nekonvencionalnih ali lastnoro\u010dno izdelanih in\u0161trumentov, vodi glasbene delavnice za otroke in sodeluje v raznolikih glasbenih skupinah. Na polju neidiomatske improvizacije raziskuje zvo\u010dno hrupni potencial hurdy-gurdyja, ki ga poleg u\u010dinkovitih preparacij ozvo\u010duje prek kontaktnih mikrofonov in akusti\u010dnih resonatorjev, kot so vzmeti in sodi.\u00a0<a href=\"http:\/\/www.sploh.si\/samokutin.html\">http:\/\/www.sploh.si\/samokutin.html<\/a><\/p>\n<p><strong><a href=\"https:\/\/arhiv.cona.si\/wp-content\/uploads\/2016\/01\/sanz.jpg\"><img loading=\"lazy\" decoding=\"async\" class=\"alignleft size-thumbnail wp-image-3457\" src=\"https:\/\/arhiv.cona.si\/wp-content\/uploads\/2016\/01\/sanz-150x150.jpg\" alt=\"sanz\" width=\"150\" height=\"150\" \/><\/a>Boris Baltschun <\/strong>(DE) po formalni izobrazbi skladatelj in pianist, je interdisciplinarni umetnik, ki ustvarja instalacije, radijska dela in performanse. Svoje delo predstavlja tudi na solisti\u010dnih nastopih, na katerih uporablja ra\u010dunalnik, analogne sintetizatorje in orgle. Je \u010dlan kolektiva The Pitch in \u0161tiriindvajset\u010dlanske zasedbe Splitter Orchester.\u00a0<a href=\"http:\/\/www.ohnetitel.org\/\">www.ohnetitel .org<\/a><\/p>\n<p>Projekt glasbenih ciklov <strong>ZVO.\u010cI.TI so.und.ing DUO<\/strong>, ki usmerja pozornost na glasbene dvojice, v letu 2016 nadaljuje pota razpiranja sodobno glasbenih pristopov, zdru\u017eevanja in povezovanja doma\u010dih in tujih glasbenikov. V zdru\u017eevanju perspektiv, metodologij, tehnologij, estetik produciranja novih umetni\u0161kih del, se seveda izpostavlja vpra\u0161anje \u2013 kak\u0161ne potenciale skriva dialo\u0161ko pogojena ustvarjalnost? Glasbeni dogodki so zasnovani na na\u010din predstavljanja samostojnega dela izbranih avtorjev v kombinatoriki samostojnih avtorskih nastopov, ki jih zaokro\u017ei nova so-avtorska skladba. Na ta na\u010din se razpira vpogled v heterogene estetske, politi\u010dne, osebne pristope h glasbenemu komponiranju, ter v mo\u017ena preoblikovanja, nadgradnje, zdrse in vrzeli, ki nastopijo v prostoru vmesnosti in prekritja \u2013 na mestu, ko ednino nadomesti dvojina. Duet namre\u010d ni izbran samostojno s strani avtorjev, temve\u010d je predlo\u017een. Povabilo, kot izhodi\u0161\u010dna to\u010dka, se premi\u0161ljuje kot polje potencialnosti; v dialogu, izmenjavi, skupnem delu na daljavo in v \u017eivo, med ustvarjalci vznika in se oblikuje novo zvo\u010dno delo. Oblikuje in odpira nove vezi,\u00a0medosebna, mednarodna sodelovanja in mre\u017eenja, pri \u010demer je Ljubljana postavljena kot vozli\u0161\u010de sre\u010danja in sr\u010dika utripa, ki te vezi poganja.<\/p>\n<p>Kurator in projektni vodja: Brane Zorman<br \/>\nOndosi z javnostjo: Mojca Zupani\u010d<br \/>\nUrednika zlo\u017eenke: Jasmina Zalo\u017enik, Brane Zorman<br \/>\nPrevod: Katja Kosi<br \/>\nLektura: Melita Sili\u010d<br \/>\nOblikovanje: Irena Pivka<\/p>\n<p>Produkcija: CONA zavod za procesiranje sodobne umetnosti, 2016<br \/>\nKoprodukcija: Kino \u0160i\u0161ka<br \/>\nProgram CONA sofinancira MOL kultura<br \/>\nGlasbeni cikel ZVO.\u010cI.TI so.und.ing DUO sofinancira Ministrstvo za kulturo RS<\/p>\n","protected":false},"excerpt":{"rendered":"<p>ZVO.\u010cI.TI so.und.ing DUO je cikel elektrokusti\u010dnih performativnih zvo\u010dnih dogodkov, ki predstavljajo premierna dela \u2013 plod sodelovanja slovenskega in mednarodnega umetnika, kurator Brane Zorman. Predstavljamo sodelujo\u010de umetnike in izvajalce v letu 2016: Bo\u0161tjan Perov\u0161ek (SLO) &#8211;\u00a0Pablo Sanz (ES \/ UK) Torek, 26. januarja 2016 ob 20.00 Robertina \u0160ebjani\u010d (SLO) &#8211; Manja Risti\u0107 (SRB) Torek 16. februarja [&hellip;]<\/p>\n","protected":false},"author":2,"featured_media":0,"parent":0,"menu_order":0,"comment_status":"closed","ping_status":"closed","template":"","meta":{"footnotes":""},"class_list":["post-289","page","type-page","status-publish","hentry"],"_links":{"self":[{"href":"https:\/\/arhiv.cona.si\/slo\/wp-json\/wp\/v2\/pages\/289","targetHints":{"allow":["GET"]}}],"collection":[{"href":"https:\/\/arhiv.cona.si\/slo\/wp-json\/wp\/v2\/pages"}],"about":[{"href":"https:\/\/arhiv.cona.si\/slo\/wp-json\/wp\/v2\/types\/page"}],"author":[{"embeddable":true,"href":"https:\/\/arhiv.cona.si\/slo\/wp-json\/wp\/v2\/users\/2"}],"replies":[{"embeddable":true,"href":"https:\/\/arhiv.cona.si\/slo\/wp-json\/wp\/v2\/comments?post=289"}],"version-history":[{"count":7,"href":"https:\/\/arhiv.cona.si\/slo\/wp-json\/wp\/v2\/pages\/289\/revisions"}],"predecessor-version":[{"id":536,"href":"https:\/\/arhiv.cona.si\/slo\/wp-json\/wp\/v2\/pages\/289\/revisions\/536"}],"wp:attachment":[{"href":"https:\/\/arhiv.cona.si\/slo\/wp-json\/wp\/v2\/media?parent=289"}],"curies":[{"name":"wp","href":"https:\/\/api.w.org\/{rel}","templated":true}]}}