{"id":2722,"date":"2025-04-24T09:27:55","date_gmt":"2025-04-24T07:27:55","guid":{"rendered":"https:\/\/arhiv.cona.si\/slo\/?page_id=2722"},"modified":"2025-12-24T13:04:52","modified_gmt":"2025-12-24T11:04:52","slug":"abonma","status":"publish","type":"page","link":"https:\/\/arhiv.cona.si\/slo\/abonma\/","title":{"rendered":"ABONMA \u2b55\ufe0f"},"content":{"rendered":"<p style=\"font-weight: 400;\"><strong><img loading=\"lazy\" decoding=\"async\" class=\"wp-image-6018 size-full aligncenter\" src=\"https:\/\/arhiv.cona.si\/wp-content\/uploads\/2025\/04\/Cover-Image-Only.jpg\" alt=\"\" width=\"1500\" height=\"750\" \/><\/strong><\/p>\n<p style=\"font-weight: 400;\"><strong>ZVO\u010cNI SPREHODI V ABONMAJU<\/strong><\/p>\n<p><b><span lang=\"SL\"><a href=\"https:\/\/arhiv.cona.si\/slo\/2025\/06\/16\/eva-mulej-vrabic-jaka-bombac-telesa-vode\/\">Eva Mulej Vrabi\u010d (Oka), Jaka Bomba\u010d: <em>Telesa vode<\/em><\/a><\/span><\/b><br \/>\npetek, 10. 10., ob 18.00 <strong><span style=\"color: #99cc00;\">NOV DATUM <\/span><\/strong>(v Sloven\u0161\u010dini)<br \/>\nzbirno mesto: Petelinji most, Ljubljana<\/p>\n<p><b><span lang=\"SL\"><a href=\"https:\/\/arhiv.cona.si\/slo\/2024\/06\/01\/beepblip-augenmas-memodrom\/\">augenmas in beepblip: <\/a><i><a href=\"https:\/\/arhiv.cona.si\/slo\/2024\/06\/01\/beepblip-augenmas-memodrom\/\">Memodrom<\/a><br \/>\n<\/i><\/span><\/b>petek, 19. 9., ob 18.00<br \/>\nzbirno mesto: spomenik Ivana Hribarja, Ljubljana<\/p>\n<p><b><span lang=\"SL\"><a href=\"https:\/\/arhiv.cona.si\/slo\/2025\/06\/16\/eva-mulej-vrabic-jaka-bombac-telesa-vode\/\">Eva Mulej Vrabi\u010d (Oka), Jaka Bomba\u010d: <em>Telesa vode<\/em><\/a><\/span><\/b><br \/>\nsreda, 17. 9., ob 19.00 <strong><span style=\"color: #99cc00;\">PREMIERA<\/span><\/strong><br \/>\nzbirno mesto: Petelinji most, Ljubljana<\/p>\n<p><b><span lang=\"SL\"><a href=\"https:\/\/arhiv.cona.si\/slo\/2025\/06\/16\/neza-knez-sledim\/\">Ne\u017ea Knez: <em>Sledim<\/em><\/a><i><br \/>\n<\/i><\/span><\/b>sreda, 27. 8., ob 19.00 <strong><span style=\"color: #99cc00;\">PREMIERA<\/span><\/strong><br \/>\n\u010detrtek, 28. 8., ob 19.00<br \/>\nzbirno mesto: spodnja postaja vzpenja\u010de na Ljubljanski grad<\/p>\n<p><span lang=\"SL\"><strong><a href=\"https:\/\/arhiv.cona.si\/slo\/2024\/06\/01\/beepblip-augenmas-memodrom\/\">augenmas in beepblip: <\/a><\/strong><i><strong><a href=\"https:\/\/arhiv.cona.si\/slo\/2024\/06\/01\/beepblip-augenmas-memodrom\/\">Memodrom<\/a><\/strong><br \/>\n<\/i><\/span>\u010detrtek, 19. 6., ob 20.00<br \/>\nzbirno mesto: spomenik Ivana Hribarja, Ljubljana<\/p>\n<p><span lang=\"SL\"><strong><a href=\"https:\/\/arhiv.cona.si\/slo\/2024\/06\/02\/nika-van-berkel-karmen-ponikvar-green-atrium-of-the-city\/\">Nika van Berkel in Karmen Ponikvar: <\/a><\/strong><i><strong><a href=\"https:\/\/arhiv.cona.si\/slo\/2024\/06\/02\/nika-van-berkel-karmen-ponikvar-green-atrium-of-the-city\/\">Zeleni atrij mesta<\/a><\/strong><br \/>\n<\/i><\/span>\u010detrtek, 5. 6., ob 19.00 in 20.00<br \/>\nzbirno mesto: Ple\u010dnikov stadion, vhod z Dunajske c., Ljubljana<\/p>\n<p><span style=\"text-decoration: underline;\"><strong><span lang=\"SL\"><a style=\"text-decoration: underline;\" href=\"https:\/\/arhiv.cona.si\/slo\/2024\/09\/17\/spiro-mason-rene-markovic-sonic-archaeology-of-the-inner-voice\/\">Spiro Mason in Rene Markovi\u010d: <\/a><\/span><span lang=\"SL\"><i><a style=\"text-decoration: underline;\" href=\"https:\/\/arhiv.cona.si\/slo\/2024\/09\/17\/spiro-mason-rene-markovic-sonic-archaeology-of-the-inner-voice\/\">Zvo\u010dna arheologija notranjega glasu<\/a><\/i><\/span><\/strong><b><span lang=\"SL\"><i><br \/>\n<\/i><\/span><\/b>torek, 13. 5., ob 20.00 in sreda, 14. 5., ob 20.00<\/span><br \/>\nzbirno mesto: Park Navje, severni vhod, Ljubljana<\/p>\n<div>\n<p class=\"Body\"><strong><a href=\"https:\/\/arhiv.cona.si\/slo\/2025\/04\/24\/tetiana-khoroshun-in-felisa-ko-vrtatys\/\"><span lang=\"SL\">Tetiana Khoroshun in Felisa Ko:<i> VRTATYS<\/i><\/span><\/a><i><span dir=\"RTL\" lang=\"AR-SA\">\u2019<\/span><\/i><\/strong><b><i><span dir=\"RTL\" lang=\"AR-SA\"><br \/>\n<\/span><\/i><\/b>torek, 13. 5., ob 19.00 in sreda, 14. 5., ob 19.00<br \/>\nzbirno mesto: Severni mestni park, Park Rasto\u010de knjige, Ljubljana<\/p>\n<\/div>\n<p><a href=\"https:\/\/pretix.eu\/cona\/abonma-25\/4553330\/\"><strong>PRIJAVA NA ZVO\u010cNE SPREHODE<\/strong><\/a><\/p>\n<p style=\"font-weight: 400;\"><strong><span lang=\"SL\">Obuj si \u010devlje, sledi poti in prisluhni zvo\u010dnim sprehodom.<\/span><\/strong><\/p>\n<p style=\"font-weight: 400;\">Abonma zvo\u010dnih sprehodov \u2b55\ufe0f\u00a0 je cikel izbranih umetni\u0161kih del, ki poslu\u0161anje krajine, njenih prostorov, \u010dasov in dinami\u010dnih odnosov med vsemi prebivalkami postavijo v sredi\u0161\u010de izkustva ustvarjanja. Gre za edinstveno formo umetni\u0161ke produkcije, ki prepleta akusti\u010dno ekologijo, glasbeno kompozicijo, hojo in osredoto\u010deno zaznavo okolice.<\/p>\n<p style=\"font-weight: 400;\">Kreacije zvo\u010dnih sprehodov so emocionalni odzivov umetnic in umetnikov na krhkost in nestabilnost krajin, po katerih vodijo spekulativne, simbiotske pa tudi konfliktne ter intimno prepletene poti. Tako nastajajo soni\u010dne zgodbe, izra\u017eene v glasbeno narativnih kompozicijah, ki jih poslu\u0161amo po poti. Vsaka pot je premi\u0161ljeno zasnovana kot prizori\u0161\u010de, kjer se stik s prostori, zvokom in zgodbami preobra\u017ea in preoblikuje v edinstveno performativno izku\u0161njo.<\/p>\n<p style=\"font-weight: 400;\">Abonma so pripravile: Tetiana Khoroshun in Felisa Ko<em>, <\/em>Spiro Mason in Rene Markovi\u010d<em>, <\/em>augenmas in beepblip, Nika van Berkel in Karmen Ponikvar, Ne\u017ea Knez, Eva Mulej Vrabi\u010d (Oka) in Jaka Bomba\u010d.<\/p>\n<p style=\"font-weight: 400;\">V ritmu koraka vabimo publiko, da v svetlobi dalj\u0161ih ve\u010derov skupaj odkrivamo zvo\u010dne svetove in zgodbe mestnih robov, prezrtih poti in odprtih pogledov. Zamenjaj oder s potjo, galerijo s senco dreves in kino s prisluhom preleta ptice na nebu.<\/p>\n<p style=\"font-weight: 400;\">Abonma je brezpla\u010den. Na zbirnem mestu sprehodov vas prijazno prosimo za prispevek v obliki kulturnega evra (priporo\u010damo 5,00 \u20ac), s katerim krijemo del stro\u0161kov umetni\u0161kih produkcij. Zvo\u010dni sprehodi lahko sprejmejo samo omejeno \u0161tevilo oseb, zato se je za dogodke treba prijaviti.<\/p>\n","protected":false},"excerpt":{"rendered":"<p>ZVO\u010cNI SPREHODI V ABONMAJU Eva Mulej Vrabi\u010d (Oka), Jaka Bomba\u010d: Telesa vode petek, 10. 10., ob 18.00 NOV DATUM (v Sloven\u0161\u010dini) zbirno mesto: Petelinji most, Ljubljana augenmas in beepblip: Memodrom petek, 19. 9., ob 18.00 zbirno mesto: spomenik Ivana Hribarja, Ljubljana Eva Mulej Vrabi\u010d (Oka), Jaka Bomba\u010d: Telesa vode sreda, 17. 9., ob 19.00 PREMIERA [&hellip;]<\/p>\n","protected":false},"author":2,"featured_media":0,"parent":0,"menu_order":0,"comment_status":"closed","ping_status":"closed","template":"","meta":{"footnotes":""},"class_list":["post-2722","page","type-page","status-publish","hentry"],"_links":{"self":[{"href":"https:\/\/arhiv.cona.si\/slo\/wp-json\/wp\/v2\/pages\/2722","targetHints":{"allow":["GET"]}}],"collection":[{"href":"https:\/\/arhiv.cona.si\/slo\/wp-json\/wp\/v2\/pages"}],"about":[{"href":"https:\/\/arhiv.cona.si\/slo\/wp-json\/wp\/v2\/types\/page"}],"author":[{"embeddable":true,"href":"https:\/\/arhiv.cona.si\/slo\/wp-json\/wp\/v2\/users\/2"}],"replies":[{"embeddable":true,"href":"https:\/\/arhiv.cona.si\/slo\/wp-json\/wp\/v2\/comments?post=2722"}],"version-history":[{"count":37,"href":"https:\/\/arhiv.cona.si\/slo\/wp-json\/wp\/v2\/pages\/2722\/revisions"}],"predecessor-version":[{"id":3201,"href":"https:\/\/arhiv.cona.si\/slo\/wp-json\/wp\/v2\/pages\/2722\/revisions\/3201"}],"wp:attachment":[{"href":"https:\/\/arhiv.cona.si\/slo\/wp-json\/wp\/v2\/media?parent=2722"}],"curies":[{"name":"wp","href":"https:\/\/api.w.org\/{rel}","templated":true}]}}