{"id":1625,"date":"2022-09-02T09:31:23","date_gmt":"2022-09-02T07:31:23","guid":{"rendered":"https:\/\/arhiv.cona.si\/slo\/?page_id=1625"},"modified":"2024-06-28T12:55:08","modified_gmt":"2024-06-28T10:55:08","slug":"vital","status":"publish","type":"page","link":"https:\/\/arhiv.cona.si\/slo\/vital\/","title":{"rendered":"VITAL"},"content":{"rendered":"<p style=\"font-weight: 400;\">Junij 2022 \u2013 Julij 2024<br \/>\nPartnerice_ji: <a href=\"https:\/\/www.apollonia-art-exchanges.com\/en\/\">ASSOCIATION APOLLONIA<\/a> (nosilec), <a href=\"http:\/\/www.outoftheboxintermedia.org\">OUT OF THE BOX ART COMPANY<\/a>, <a href=\"https:\/\/www.teatrioda.com\">Teatri ODA<\/a>, <a href=\"https:\/\/arhiv.cona.si\/slo\/?noredirect=sl_SI\">CONA<\/a><\/p>\n<p style=\"font-weight: 400;\"><img loading=\"lazy\" decoding=\"async\" class=\"alignnone wp-image-2375 size-full\" src=\"https:\/\/arhiv.cona.si\/slo\/wp-content\/uploads\/sites\/2\/2024\/06\/c36be361-879c-19b4-bbf1-51983777c4a5.jpg\" alt=\"\" width=\"1200\" height=\"675\" srcset=\"https:\/\/arhiv.cona.si\/slo\/wp-content\/uploads\/sites\/2\/2024\/06\/c36be361-879c-19b4-bbf1-51983777c4a5.jpg 1200w, https:\/\/arhiv.cona.si\/slo\/wp-content\/uploads\/sites\/2\/2024\/06\/c36be361-879c-19b4-bbf1-51983777c4a5-300x169.jpg 300w, https:\/\/arhiv.cona.si\/slo\/wp-content\/uploads\/sites\/2\/2024\/06\/c36be361-879c-19b4-bbf1-51983777c4a5-1024x576.jpg 1024w, https:\/\/arhiv.cona.si\/slo\/wp-content\/uploads\/sites\/2\/2024\/06\/c36be361-879c-19b4-bbf1-51983777c4a5-768x432.jpg 768w\" sizes=\"auto, (max-width: 1200px) 100vw, 1200px\" \/><\/p>\n<p style=\"font-weight: 400;\">VITAL ustvarja inovativni ekosistem, ki spo\u0161tuje okolje in na umetni\u0161ki na\u010din prispeva k boju proti globalnemu segrevanju in onesna\u017eevanju zraka. V Strasbourgu bodo na voljo \u0161tiri umetni\u0161ka dela, ki vklju\u010dujejo rastline in tehnologijo ter z uporabo obnovljive energije nagovarja javni prostor z aktivno udele\u017ebo dr\u017eavljanov. Mre\u017ea VITAL je zaradi poznavanja evropskega umetni\u0161kega okolja izbrala dolo\u010deno \u0161tevilo umetnikov, senzibilnih za okoljskih vpra\u0161anja v skladu s cilji in prioritetami projekta. Marco Barotti zajema nihanja atmosferskega CO2 zahvaljujo\u010d \u017eivemu mahu, ki prekriva njegovo zvo\u010dno instalacijo, Klitsa Antoniou sanja o vrtu, ustvarjenem iz o\u017eganih elementov velikega po\u017eara na Cipru. Thibault Honor\u00e9 na\u010drtuje skulpturo senzibilno za energijo vetra, kar posledi\u010dno omogo\u010da vrsto funkcij, kot sta osvetljitev in zalivanje. Umetnika Irena Pivka in Brane Zorman na\u010drtujeta zvo\u010dno aplikacijo in senzorne slu\u0161alke, povezane z biodiverziteto javnega prostora.<\/p>\n\n\t\t<style type=\"text\/css\">\n\t\t\t#gallery-1 {\n\t\t\t\tmargin: auto;\n\t\t\t}\n\t\t\t#gallery-1 .gallery-item {\n\t\t\t\tfloat: left;\n\t\t\t\tmargin-top: 10px;\n\t\t\t\ttext-align: center;\n\t\t\t\twidth: 25%;\n\t\t\t}\n\t\t\t#gallery-1 img {\n\t\t\t\tborder: 2px solid #cfcfcf;\n\t\t\t}\n\t\t\t#gallery-1 .gallery-caption {\n\t\t\t\tmargin-left: 0;\n\t\t\t}\n\t\t\t\/* see gallery_shortcode() in wp-includes\/media.php *\/\n\t\t<\/style>\n\t\t<div id='gallery-1' class='gallery galleryid-1625 gallery-columns-4 gallery-size-thumbnail'><dl class='gallery-item'>\n\t\t\t<dt class='gallery-icon landscape'>\n\t\t\t\t<a href='https:\/\/arhiv.cona.si\/slo\/2023\/12\/05\/garden-goround-at-tje-starts-fair-in-strasburg\/406644713_18245173153213256_6254739217968597031_n\/'><img loading=\"lazy\" decoding=\"async\" width=\"150\" height=\"150\" src=\"https:\/\/arhiv.cona.si\/slo\/wp-content\/uploads\/sites\/2\/2023\/12\/406644713_18245173153213256_6254739217968597031_n-150x150.jpg\" class=\"attachment-thumbnail size-thumbnail\" alt=\"\" \/><\/a>\n\t\t\t<\/dt><\/dl><dl class='gallery-item'>\n\t\t\t<dt class='gallery-icon portrait'>\n\t\t\t\t<a href='https:\/\/arhiv.cona.si\/slo\/2023\/12\/05\/5373\/img_0350\/'><img loading=\"lazy\" decoding=\"async\" width=\"150\" height=\"150\" src=\"https:\/\/arhiv.cona.si\/slo\/wp-content\/uploads\/sites\/2\/2023\/12\/IMG_0350-150x150.jpeg\" class=\"attachment-thumbnail size-thumbnail\" alt=\"\" \/><\/a>\n\t\t\t<\/dt><\/dl><dl class='gallery-item'>\n\t\t\t<dt class='gallery-icon portrait'>\n\t\t\t\t<a href='https:\/\/arhiv.cona.si\/slo\/2023\/12\/05\/5373\/img_0316\/'><img loading=\"lazy\" decoding=\"async\" width=\"150\" height=\"150\" src=\"https:\/\/arhiv.cona.si\/slo\/wp-content\/uploads\/sites\/2\/2023\/12\/IMG_0316-150x150.jpeg\" class=\"attachment-thumbnail size-thumbnail\" alt=\"\" \/><\/a>\n\t\t\t<\/dt><\/dl><dl class='gallery-item'>\n\t\t\t<dt class='gallery-icon portrait'>\n\t\t\t\t<a href='https:\/\/arhiv.cona.si\/slo\/2023\/12\/05\/5373\/img_0331\/'><img loading=\"lazy\" decoding=\"async\" width=\"150\" height=\"150\" src=\"https:\/\/arhiv.cona.si\/slo\/wp-content\/uploads\/sites\/2\/2023\/12\/IMG_0331-150x150.jpeg\" class=\"attachment-thumbnail size-thumbnail\" alt=\"\" \/><\/a>\n\t\t\t<\/dt><\/dl><br style=\"clear: both\" \/><dl class='gallery-item'>\n\t\t\t<dt class='gallery-icon portrait'>\n\t\t\t\t<a href='https:\/\/arhiv.cona.si\/slo\/2023\/12\/05\/5373\/img_0335\/'><img loading=\"lazy\" decoding=\"async\" width=\"150\" height=\"150\" src=\"https:\/\/arhiv.cona.si\/slo\/wp-content\/uploads\/sites\/2\/2023\/12\/IMG_0335-150x150.jpeg\" class=\"attachment-thumbnail size-thumbnail\" alt=\"\" \/><\/a>\n\t\t\t<\/dt><\/dl><dl class='gallery-item'>\n\t\t\t<dt class='gallery-icon portrait'>\n\t\t\t\t<a href='https:\/\/arhiv.cona.si\/slo\/2023\/12\/05\/5373\/img_0319\/'><img loading=\"lazy\" decoding=\"async\" width=\"150\" height=\"150\" src=\"https:\/\/arhiv.cona.si\/slo\/wp-content\/uploads\/sites\/2\/2023\/12\/IMG_0319-150x150.jpeg\" class=\"attachment-thumbnail size-thumbnail\" alt=\"\" \/><\/a>\n\t\t\t<\/dt><\/dl><dl class='gallery-item'>\n\t\t\t<dt class='gallery-icon portrait'>\n\t\t\t\t<a href='https:\/\/arhiv.cona.si\/slo\/2024\/05\/31\/irena-pivka-brane-zorman-garden-goround\/img_4794-2\/'><img loading=\"lazy\" decoding=\"async\" width=\"150\" height=\"150\" src=\"https:\/\/arhiv.cona.si\/slo\/wp-content\/uploads\/sites\/2\/2024\/05\/IMG_4794-2-150x150.jpg\" class=\"attachment-thumbnail size-thumbnail\" alt=\"\" \/><\/a>\n\t\t\t<\/dt><\/dl><dl class='gallery-item'>\n\t\t\t<dt class='gallery-icon portrait'>\n\t\t\t\t<a href='https:\/\/arhiv.cona.si\/slo\/2024\/05\/31\/irena-pivka-brane-zorman-garden-goround\/20230927_165128\/'><img loading=\"lazy\" decoding=\"async\" width=\"150\" height=\"150\" src=\"https:\/\/arhiv.cona.si\/slo\/wp-content\/uploads\/sites\/2\/2024\/05\/20230927_165128-150x150.jpg\" class=\"attachment-thumbnail size-thumbnail\" alt=\"\" \/><\/a>\n\t\t\t<\/dt><\/dl><br style=\"clear: both\" \/>\n\t\t<\/div>\n\n<p style=\"font-weight: 400;\">V na\u010dinu delovanja VITAL-a imajo me\u0161\u010dani pomembno vlogo in sodelujejo v vseh fazah umetni\u0161kega procesa. Poleg ozave\u0161\u010danja umetnikov ter ciljne in \u0161ir\u0161e javnosti je cilj projekta ustvariti evropsko mre\u017eo za produkcijo in promocijo okolju prijaznih del v javnem prostoru, z vklju\u010devanjem lokalnih oblasti.<\/p>\n<p><strong><a href=\"https:\/\/arhiv.cona.si\/wp-content\/uploads\/2022\/10\/VITAL_press_kit.zip\">VITAL Press Kit<\/a><\/strong><\/p>\n<p style=\"font-weight: 400;\"><strong>Aktivnosti partnerja CONA<\/strong><\/p>\n<p style=\"font-weight: 400;\"><a href=\"https:\/\/arhiv.cona.si\/slo\/2023\/11\/04\/2263\/?noredirect=sl_SI\">II. sre\u010danje partnerjev v Strasbourgu<\/a><\/p>\n<p style=\"font-weight: 400;\">Priprava strategije za nadaljevanje projekta<br \/>\n24. &#8211; 27. november 2023<br \/>\nStrasbourg, Francija<\/p>\n<p style=\"font-weight: 400;\"><a href=\"https:\/\/www.steklenik.si\/catherine-clover-mmm-mmm-mmm-sprehajanje-in-komuniciranje-z-ljubljanskimi-pticami\/\">Catherine Clover: <em>Larking<\/em><\/a><\/p>\n<p style=\"font-weight: 400;\">Zvo\u010dni sprehod<br \/>\n30. september in \u00a01. oktober 2023<br \/>\nLjubljana, Slovenija<\/p>\n<p style=\"font-weight: 400;\"><a href=\"https:\/\/arhiv.cona.si\/blog\/2023\/02\/09\/vital-partner-meet-in-strasbourg\/\">Predstavitev dela v strasburgu<\/a><\/p>\n<p style=\"font-weight: 400;\">Delavnica in predstavitev novega zvo\u010dnega sprehoda<br \/>\n2. &#8211; 8. julij 2023<br \/>\nStrasbourg, Francija<\/p>\n<p style=\"font-weight: 400;\"><a href=\"https:\/\/arhiv.cona.si\/slo\/2023\/02\/08\/vital-partner-meet-in-strasbourg\/?noredirect=sl_SI\">Priprava dela v Strasburgu<\/a><\/p>\n<p style=\"font-weight: 400;\">Delavnica in priprava novega zvo\u010dnega sprehoda<br \/>\n12. &#8211; 16. februar 2023<br \/>\nStrasbourg, Francija<\/p>\n<p style=\"font-weight: 400;\"><a href=\"http:\/\/www.steklenik.si\/elena-biserna-walking-from-scores-delavnica\/\">Elena Biserna: Walking from scores \/ delavnica<\/a><\/p>\n<p style=\"font-weight: 400;\">Delavnica o zvo\u010dnih sprehodih<br \/>\nPetek in sobota, 16. in 17. 9. 2022<br \/>\nDesni atrij Mestne hi\u0161e, Ljubljana<\/p>\n<p style=\"font-weight: 400;\"><a href=\"https:\/\/arhiv.cona.si\/slo\/irena-pivka-brane-zorman-vrt\/?noredirect=sl_SI\">Irena Pivka, Brane Zorman: <em>VRToglavi VRT<\/em><\/a><\/p>\n<p>In situ performativni zvo\u010dni sprehod, 50 min<br \/>\n24. in 25. junij 2023<br \/>\nTeatri ODA (Pri\u0161tina)<br \/>\n1. in 2. julij 2023<br \/>\nApollonia (Strasbourg)<br \/>\n29. september 2023<br \/>\nValvasorjev park (Slovenija)<\/p>\n<p>Projekt VITAL je sofinanciran iz programa Ustvarjalna Evropa s triletno pogodbo &#8220;Strasbourg &#8211; Evropska prestolnica&#8221;, podpirata ga Ministrstvo za javno upravo Republike Slovenije in MOL kultura.<\/p>\n<p style=\"font-weight: 400;\"><img loading=\"lazy\" decoding=\"async\" class=\"alignnone wp-image-1631\" src=\"https:\/\/arhiv.cona.si\/slo\/wp-content\/uploads\/sites\/2\/2022\/09\/Artboard1_4.png\" alt=\"\" width=\"83\" height=\"30\" srcset=\"https:\/\/arhiv.cona.si\/slo\/wp-content\/uploads\/sites\/2\/2022\/09\/Artboard1_4.png 1334w, https:\/\/arhiv.cona.si\/slo\/wp-content\/uploads\/sites\/2\/2022\/09\/Artboard1_4-300x108.png 300w, https:\/\/arhiv.cona.si\/slo\/wp-content\/uploads\/sites\/2\/2022\/09\/Artboard1_4-1024x368.png 1024w, https:\/\/arhiv.cona.si\/slo\/wp-content\/uploads\/sites\/2\/2022\/09\/Artboard1_4-768x276.png 768w\" sizes=\"auto, (max-width: 83px) 100vw, 83px\" \/><\/p>\n<p><em><img loading=\"lazy\" decoding=\"async\" class=\"alignnone size-full wp-image-2004\" src=\"https:\/\/arhiv.cona.si\/slo\/wp-content\/uploads\/sites\/2\/2023\/06\/Logo-Banner.png\" alt=\"\" width=\"1200\" height=\"185\" srcset=\"https:\/\/arhiv.cona.si\/slo\/wp-content\/uploads\/sites\/2\/2023\/06\/Logo-Banner.png 1200w, https:\/\/arhiv.cona.si\/slo\/wp-content\/uploads\/sites\/2\/2023\/06\/Logo-Banner-300x46.png 300w, https:\/\/arhiv.cona.si\/slo\/wp-content\/uploads\/sites\/2\/2023\/06\/Logo-Banner-1024x158.png 1024w, https:\/\/arhiv.cona.si\/slo\/wp-content\/uploads\/sites\/2\/2023\/06\/Logo-Banner-768x118.png 768w\" sizes=\"auto, (max-width: 1200px) 100vw, 1200px\" \/><\/em><\/p>\n","protected":false},"excerpt":{"rendered":"<p>Junij 2022 \u2013 Julij 2024 Partnerice_ji: ASSOCIATION APOLLONIA (nosilec), OUT OF THE BOX ART COMPANY, Teatri ODA, CONA VITAL ustvarja inovativni ekosistem, ki spo\u0161tuje okolje in na umetni\u0161ki na\u010din prispeva k boju proti globalnemu segrevanju in onesna\u017eevanju zraka. V Strasbourgu bodo na voljo \u0161tiri umetni\u0161ka dela, ki vklju\u010dujejo rastline in tehnologijo ter z uporabo obnovljive [&hellip;]<\/p>\n","protected":false},"author":2,"featured_media":0,"parent":0,"menu_order":0,"comment_status":"closed","ping_status":"closed","template":"","meta":{"footnotes":""},"class_list":["post-1625","page","type-page","status-publish","hentry"],"_links":{"self":[{"href":"https:\/\/arhiv.cona.si\/slo\/wp-json\/wp\/v2\/pages\/1625","targetHints":{"allow":["GET"]}}],"collection":[{"href":"https:\/\/arhiv.cona.si\/slo\/wp-json\/wp\/v2\/pages"}],"about":[{"href":"https:\/\/arhiv.cona.si\/slo\/wp-json\/wp\/v2\/types\/page"}],"author":[{"embeddable":true,"href":"https:\/\/arhiv.cona.si\/slo\/wp-json\/wp\/v2\/users\/2"}],"replies":[{"embeddable":true,"href":"https:\/\/arhiv.cona.si\/slo\/wp-json\/wp\/v2\/comments?post=1625"}],"version-history":[{"count":30,"href":"https:\/\/arhiv.cona.si\/slo\/wp-json\/wp\/v2\/pages\/1625\/revisions"}],"predecessor-version":[{"id":2378,"href":"https:\/\/arhiv.cona.si\/slo\/wp-json\/wp\/v2\/pages\/1625\/revisions\/2378"}],"wp:attachment":[{"href":"https:\/\/arhiv.cona.si\/slo\/wp-json\/wp\/v2\/media?parent=1625"}],"curies":[{"name":"wp","href":"https:\/\/api.w.org\/{rel}","templated":true}]}}