{"id":156,"date":"2015-03-05T14:15:52","date_gmt":"2015-03-05T12:15:52","guid":{"rendered":"https:\/\/arhiv.cona.si\/slo\/?page_id=156"},"modified":"2015-03-05T14:15:52","modified_gmt":"2015-03-05T12:15:52","slug":"brane-zorman-hidden-materia-skrita-snov","status":"publish","type":"page","link":"https:\/\/arhiv.cona.si\/slo\/brane-zorman-hidden-materia-skrita-snov\/","title":{"rendered":"Brane Zorman: Hidden Materia (Skrita Snov)"},"content":{"rendered":"<p><a href=\"https:\/\/arhiv.cona.si\/wp-content\/uploads\/2013\/05\/RenataTinaBrane.jpg\"><img loading=\"lazy\" decoding=\"async\" class=\"size-thumbnail wp-image-1599 alignleft\" src=\"https:\/\/arhiv.cona.si\/wp-content\/uploads\/2013\/05\/RenataTinaBrane-150x150.jpg\" alt=\"RenataTinaBrane\" width=\"150\" height=\"150\" \/><\/a><\/p>\n<p>Zvo\u010dna delo <em>Hidden Materia (Skrita Snov)<\/em> temelji na programskem dekodiranju vnaprej pripravljenih in obdelanih slikah in video posnetkih, ki se v realnem \u010dasu skozi poseben programski vmesnik pretvorijo \u2013 kodirajo v sli\u0161ne zvo\u010dne elemente za uporabo v programskih orodijih PD, Reaktor, Metasynth 5, Ableton Live. S fotografijami in video posnetki vulkanskih izbruhov, teko\u010de lave, pepelnih lebde\u010dih gmot spremenjenimi v zvo\u010dne vzorce je avtor ustvaril granulirane to\u010dkovne vzorce, ki mu slu\u017eijo kot osnova za unikaten zapis sekvencirane melodije, dinamike in ritma zvo\u010dnega dela. Vizualnemu gradivu je tako dodal novo sporo\u010dilno in emocionalno dimenzijo v obliki zvoka. Koncertna izvedba v prostorskem zvoku ima trajanje 40 \u2013 50 minut in je spremljana z video projekcijo.<\/p>\n<p><strong><em>Hidden materia<\/em> je razvijajo\u010de se delo, ki ga je avtor do sedaj izvedel na \u0161tevilnih renoviranih doma\u010dih in mednarodnih prizori\u0161\u010dih.<\/strong><\/p>\n<p>vimeo &#8211; <a href=\"http:\/\/vimeo.com\/79979709\">\u00a0Beli \u0160um#3 Maribor<\/a>, Nov 2013<br \/>\n<img loading=\"lazy\" decoding=\"async\" class=\"alignleft size-thumbnail wp-image-2308\" src=\"https:\/\/arhiv.cona.si\/wp-content\/uploads\/2013\/05\/BZ-beli-sum-150x150.jpg\" alt=\"BZ beli sum\" width=\"150\" height=\"150\" \/><br \/>\n12.december 2014:\u00a0<a href=\"http:\/\/www.alte-schmiede.at\/index.php?option=com_content&amp;view=category&amp;layout=blog&amp;id=44&amp;Itemid=182\">Die Alte Schmiede Kunstverein Wien Anschrift<\/a>,\u00a0Sch\u00f6nlaterngasse 9\u00a0Vienna<br \/>\n23. oktober 2014: \u00a0<a href=\"https:\/\/www.facebook.com\/events\/652705324828225\/\">Salon Izidor Kr\u0161njavi<\/a>,\u00a0Zagreb, Hrva\u0161ka<br \/>\n25 oktober 2014:\u00a0<a href=\"http:\/\/www.g12hub.com\/?language=en\">B12 HUB<\/a>,\u00a0Beograd, Srbija<br \/>\n13. oktober 2013 \u00a0Ljubljana,\u00a0MSUM,\u00a0okviru festivala \u00a0<a href=\"http:\/\/www.irzu.org\/files\/Earzoom_2013_Program.pdf\" target=\"_blank\">\u00a0<\/a><a href=\"http:\/\/www.irzu.org\/files\/Earzoom_2013_Program.pdf\" target=\"_blank\">EARZOOM Sonic Arts Festival 2013<\/a><\/p>\n<p>ve\u010d o delu:<\/p>\n<p><em>Skladba Skrita snov (Hiden Materia)<\/em> je simbolno zvo\u010dno zastavljena kot formiranje in potovanje elementarne \u017eive, surove energije zemeljske magme skozi \u0161tevilne procese transformacije in sinteze, vse do osvobajajo\u010de osvoboditve in sprostitve, umiritve trdne materije na zemlji in raz\u0161irjanje plinske disperzijev zraku.<\/p>\n<p>Zajete slike in video posnetki vulkanskih priprav in izbruhov se v realnem \u010dasu spreminjajo v zvok. To kar programska opema vidi \u2013 mi sli\u0161imo. Gre za surov vpad energije nizkofrekven\u010dnih gmot, katere s pomo\u010djo multitouch kontrolerjev usmerja avtor in izvajalec in postavitvi 5.1 prostorskega zvoka ustvarjajo vtis, da smo v sredi\u0161\u010du dogajanja izbruha.<\/p>\n<div>Za realizacijo skladbe je potrebna kompleksna sinhronizirana koda, ti te\u010de na dveh ra\u010dunalnikih in je krmiljena z algoritmi \u010dasovnih kod, pridobljenih iz dvodimenzionalnih vzorcev slik.<\/div>\n","protected":false},"excerpt":{"rendered":"<p>Zvo\u010dna delo Hidden Materia (Skrita Snov) temelji na programskem dekodiranju vnaprej pripravljenih in obdelanih slikah in video posnetkih, ki se v realnem \u010dasu skozi poseben programski vmesnik pretvorijo \u2013 kodirajo v sli\u0161ne zvo\u010dne elemente za uporabo v programskih orodijih PD, Reaktor, Metasynth 5, Ableton Live. S fotografijami in video posnetki vulkanskih izbruhov, teko\u010de lave, pepelnih [&hellip;]<\/p>\n","protected":false},"author":2,"featured_media":0,"parent":0,"menu_order":0,"comment_status":"closed","ping_status":"closed","template":"","meta":{"footnotes":""},"class_list":["post-156","page","type-page","status-publish","hentry"],"_links":{"self":[{"href":"https:\/\/arhiv.cona.si\/slo\/wp-json\/wp\/v2\/pages\/156","targetHints":{"allow":["GET"]}}],"collection":[{"href":"https:\/\/arhiv.cona.si\/slo\/wp-json\/wp\/v2\/pages"}],"about":[{"href":"https:\/\/arhiv.cona.si\/slo\/wp-json\/wp\/v2\/types\/page"}],"author":[{"embeddable":true,"href":"https:\/\/arhiv.cona.si\/slo\/wp-json\/wp\/v2\/users\/2"}],"replies":[{"embeddable":true,"href":"https:\/\/arhiv.cona.si\/slo\/wp-json\/wp\/v2\/comments?post=156"}],"version-history":[{"count":3,"href":"https:\/\/arhiv.cona.si\/slo\/wp-json\/wp\/v2\/pages\/156\/revisions"}],"predecessor-version":[{"id":159,"href":"https:\/\/arhiv.cona.si\/slo\/wp-json\/wp\/v2\/pages\/156\/revisions\/159"}],"wp:attachment":[{"href":"https:\/\/arhiv.cona.si\/slo\/wp-json\/wp\/v2\/media?parent=156"}],"curies":[{"name":"wp","href":"https:\/\/api.w.org\/{rel}","templated":true}]}}