{"id":132,"date":"2015-02-12T20:22:20","date_gmt":"2015-02-12T18:22:20","guid":{"rendered":"https:\/\/arhiv.cona.si\/slo\/?page_id=132"},"modified":"2015-02-12T20:23:29","modified_gmt":"2015-02-12T18:23:29","slug":"zvo-ci-ti-so-und-ing-2009-2012","status":"publish","type":"page","link":"https:\/\/arhiv.cona.si\/slo\/zvo-ci-ti-so-und-ing-2009-2012\/","title":{"rendered":"ZVO.\u010cI.TI (so.und.ing) 2009 &#8211; 2012"},"content":{"rendered":"<p><strong><a href=\"https:\/\/arhiv.cona.si\/sounding\">ZVO.\u010cI.TI. so.und.ing Collection<\/a>\u00a0<\/strong>povezava na spletno stran<\/p>\n<p style=\"line-height: 12.0pt; background: white; margin: 0cm 0cm 12.0pt 0cm;\"><span style=\"font-family: Arial; color: #333333;\">Podcast zbirka avtorjev sodobne slovenske zvo\u010dne umetnosti, kurator Brane Zorman<\/span><\/p>\n<p style=\"line-height: 12.0pt; background: white; margin: 0cm 0cm 12.0pt 0cm;\"><strong><span style=\"font-family: Arial; color: #333333;\">Zbirka ZVO.\u010cI.TI. so.und.ing\u00a0<\/span><\/strong><span class=\"apple-converted-space\"><b><span style=\"font-family: Arial; color: #333333;\">\u00a0<\/span><\/b><\/span><span style=\"font-family: Arial; color: #333333;\">je zbirka podcastov slovenskih zvo\u010dnih avtorjev, skladateljev elektro-akusti\u010dnih, eksperimentalnih, algoritmi\u010dnih, elektronskih, improviziranih, komponiranih del.<span class=\"apple-converted-space\">\u00a0<\/span><\/span><\/p>\n<p style=\"line-height: 12.0pt; background: white; margin: 0cm 0cm 12.0pt 0cm;\"><span style=\"font-family: Arial; color: #333333;\"><br \/>\nDVD izdaja<span class=\"apple-converted-space\">\u00a0<\/span><strong><span style=\"font-family: Arial;\">Zbirke<\/span><\/strong><span class=\"apple-converted-space\">\u00a0<\/span><strong><span style=\"font-family: Arial;\">ZVO.\u010cI.TI. so.und.ing<\/span><\/strong><span class=\"apple-converted-space\"><b>\u00a0<\/b><\/span>je sklepni del ve\u010dletnega projekta, zastavljenega kot kontinuirana produkcija tematsko definiranih radijskih in podcast avdio oddaj o avtorjih in njihovih delih, nastalih v studiu ali izvedenih v \u017eivo.<span class=\"apple-converted-space\">\u00a0<\/span><br \/>\nNamen projekta je povezati in izpostaviti slovenske avtorje, ki ustvarjajo v polju sodobne glasbe na glasbeno-scenskem, zvo\u010dnem, intermedijskem, performativnem, medmre\u017enem in drugih podro\u010djih, in jih predstaviti z obstoje\u010dimi komunikacijskimi mo\u017enostmi, mre\u017eiti v \u0161irok prostor sodobne svetovne zvo\u010dne ustvarjalnosti.<\/span><\/p>\n<p style=\"line-height: 12.0pt; background: white; margin: 0cm 0cm 12.0pt 0cm;\"><span style=\"font-family: Arial; color: #333333;\">V<span class=\"apple-converted-space\">\u00a0<\/span><strong><span style=\"font-family: Arial;\">Zbirki<\/span><\/strong><span class=\"apple-converted-space\">\u00a0<\/span><strong><span style=\"font-family: Arial;\">ZVO.\u010cI.TI. so.und.ing<\/span><\/strong><span class=\"apple-converted-space\"><b>\u00a0<\/b><\/span>so predstavljeni avtorji Marko Batista, Marko Batista in Nata\u0161a Mu\u0161evi\u010d, Miha Ciglar, Luka Juhart, Janu\u0161 Ale\u0161 Luznar, Jernej Maru\u0161i\u010d (aka Octex), Miha Milek (aka Errorist), Luka Prin\u010di\u010d (aka Nova Viator), Maja Delak &amp; Luka Prin\u010di\u010d (Wanda &amp; Nova deViator), Vasja Progar, Random Logic, Borut Savski in Milan Kristl, Borut Savski, son:DA s s.pecar.dj splinter.emkej, son:DA s s.pecar.dj splinter, Bojana \u0160alji\u0107 Pode\u0161va, Irena Toma\u017ein, TAO G. Vrhovec Sambolec in Brane Zorman.<span class=\"apple-converted-space\">\u00a0<\/span><br \/>\nNa DVD<span class=\"apple-converted-space\">\u00a0<\/span><strong><span style=\"font-family: Arial;\">Zbirki<\/span><\/strong><span class=\"apple-converted-space\">\u00a0<\/span><strong><span style=\"font-family: Arial;\">ZVO.\u010cI.TI. so.und.ing<\/span><\/strong><span class=\"apple-converted-space\"><b>\u00a0<\/b><\/span>imajo osrednjo vlogo pogovori z avtorji o na\u010dinu dela, pristopu k materialu, snovanju, razvijanju konceptov in realizaciji idej, razmi\u0161ljanja o tehnologiji, svetu, umetnosti, glasbi. Ob vklju\u010denih in predstavljenih avtorskih zvo\u010dnih delih, ki so pogosto neobjavljena, vsebuje<span class=\"apple-converted-space\">\u00a0<\/span><strong><span style=\"font-family: Arial;\">Zbirka ZVO.\u010cI.TI. so.und.ing<\/span><\/strong><span class=\"apple-converted-space\"><b>\u00a0<\/b><\/span>tudi besedila o avtorjih, njihove biografije, povezave na spletne strani, fotografski material, ki skupaj tvorijo kompleksen in unikaten zapis oz. dokument \u010dasa aktualne glasbene ustvarjalnosti v slovenskem in \u0161ir\u0161em prostoru.<span class=\"apple-converted-space\">\u00a0<\/span><br \/>\nVe\u010dina avtorjev se aktivno spogleduje z raziskovalnim odnosom do glasbe, z zvo\u010dno prezenco,\u00a0 vlogo in interakcijo fenomena zvoka z drugimi oblikami in podro\u010dji sodobne umetni\u0161ke prakse. V zdaj\u0161nji pojavni obliki medijev, ki s populizmom in\u00a0 prevladujo\u010dimi vrednotami hitre konzumacije stremijo k instantnemu zadovoljevanju potreb odjemalcev in tr\u017eenju oglasnega prostora, so medijska prisotnost teh avtorjev ali celo obstoj \/ nastanek kriti\u010dno osmi\u0161ljenih zapisov o njih tako reko\u010d ni\u010dni.<\/span><\/p>\n<p style=\"line-height: 12.0pt; background: white; margin: 0cm 0cm 12.0pt 0cm;\"><span style=\"font-family: Arial; color: #333333;\">Materiali in pogovori z avtorji so bili posneti in objavljeni med leti 2008 in 2011 in kot<span class=\"apple-converted-space\">\u00a0<\/span><strong><span style=\"font-family: Arial;\">ZVO.\u010cI.TI.\u00a0 so.und.ing<\/span><\/strong><span class=\"apple-converted-space\"><b>\u00a0<\/b><\/span>podcast enote premierno predstavljeni v okviru radijskega FM in spletnega oddajanja umetni\u0161kega projekta radioCona \u2013 ob\u010dasna radijska postaja za sodobno umetnost pri mednarodnih partnerjih (RAM Live, Novi Radio Beograd, CoLaboRadio) ter kot <\/span><a href=\"https:\/\/arhiv.cona.si\/sounding\"><span style=\"font-family: Arial;\">arhiv objavljeni na spletu<\/span><\/a><span style=\"font-family: Arial; color: #333333;\">.<\/span><\/p>\n","protected":false},"excerpt":{"rendered":"<p>ZVO.\u010cI.TI. so.und.ing Collection\u00a0povezava na spletno stran Podcast zbirka avtorjev sodobne slovenske zvo\u010dne umetnosti, kurator Brane Zorman Zbirka ZVO.\u010cI.TI. so.und.ing\u00a0\u00a0je zbirka podcastov slovenskih zvo\u010dnih avtorjev, skladateljev elektro-akusti\u010dnih, eksperimentalnih, algoritmi\u010dnih, elektronskih, improviziranih, komponiranih del.\u00a0 DVD izdaja\u00a0Zbirke\u00a0ZVO.\u010cI.TI. so.und.ing\u00a0je sklepni del ve\u010dletnega projekta, zastavljenega kot kontinuirana produkcija tematsko definiranih radijskih in podcast avdio oddaj o avtorjih in njihovih delih, [&hellip;]<\/p>\n","protected":false},"author":2,"featured_media":0,"parent":0,"menu_order":0,"comment_status":"closed","ping_status":"closed","template":"","meta":{"footnotes":""},"class_list":["post-132","page","type-page","status-publish","hentry"],"_links":{"self":[{"href":"https:\/\/arhiv.cona.si\/slo\/wp-json\/wp\/v2\/pages\/132","targetHints":{"allow":["GET"]}}],"collection":[{"href":"https:\/\/arhiv.cona.si\/slo\/wp-json\/wp\/v2\/pages"}],"about":[{"href":"https:\/\/arhiv.cona.si\/slo\/wp-json\/wp\/v2\/types\/page"}],"author":[{"embeddable":true,"href":"https:\/\/arhiv.cona.si\/slo\/wp-json\/wp\/v2\/users\/2"}],"replies":[{"embeddable":true,"href":"https:\/\/arhiv.cona.si\/slo\/wp-json\/wp\/v2\/comments?post=132"}],"version-history":[{"count":4,"href":"https:\/\/arhiv.cona.si\/slo\/wp-json\/wp\/v2\/pages\/132\/revisions"}],"predecessor-version":[{"id":136,"href":"https:\/\/arhiv.cona.si\/slo\/wp-json\/wp\/v2\/pages\/132\/revisions\/136"}],"wp:attachment":[{"href":"https:\/\/arhiv.cona.si\/slo\/wp-json\/wp\/v2\/media?parent=132"}],"curies":[{"name":"wp","href":"https:\/\/api.w.org\/{rel}","templated":true}]}}